{"id":7895,"date":"2024-07-25T15:14:19","date_gmt":"2024-07-25T13:14:19","guid":{"rendered":"https:\/\/www.janton-solutions.com\/?page_id=7895"},"modified":"2025-06-23T17:02:00","modified_gmt":"2025-06-23T15:02:00","slug":"supplies","status":"publish","type":"page","link":"https:\/\/www.janton-solutions.com\/en\/supplies\/","title":{"rendered":"Supplies"},"content":{"rendered":"\n<\/section>\n<div class=\"container-fluid header_page_part pt-5\">\n    <span class=\"filigrane-web\"><\/span>\n    <div class=\"container \">\n        <div class=\"row\">\n            <div class=\"col-12 header_page_content \">\n                <span class=\"filigrane blue\"><\/span>\n                <nav aria-label=\"breadcrumbs\" class=\"rank-math-breadcrumb\"><p><span class=\"last\">Home<\/span><\/p><\/nav>                <h1 class=\"h1  blue\">Our supply solutions<\/h1>\n                            <\/div>\n        <\/div>\n    <\/div>\n<\/div>\n<section class=\"container\">\n\n\n\n<div style=\"height:50px\" aria-hidden=\"true\" class=\"wp-block-spacer\"><\/div>\n\n\n\n<div id=\"block-hero-block_d7746d626e3d100b13a1745904418d40\" class=\"leftright_media_part row mediaright block-hero\">\n\t<div class=\"col-12 col-md-6 order-1 order-md-2 col-lg-7 px-5 d-flex align-items-center\">\n\t\t<img decoding=\"async\" src=\"https:\/\/www.janton-solutions.com\/wp-content\/uploads\/fournitures_01-710x500.jpg\" alt=\"\" class=\"img-fluid\">\t<\/div>\n\t<div class=\"col-12 col-md-6 order-2 order-md-1 col-lg-5 d-flex align-items-center px-0 py-2 p-xl-5\">\n        <div class=\"px-5 p-md-2 p-xl-5\">\n\t\t<p>Our supplies are designed to offer orthoprosthetists high-quality materials, to facilitate innovation and excellence each and every day.<\/p>\n\t\t\t\t\t<a class=\"btn btn-default\" href=\"https:\/\/it1v7.interactiv-doc.fr\/html\/janton__945\/\" target=\"\" rel=\"noopener\">\n\t\t\t\tSee our catalogue\t\t\t<\/a>\n\t\t        <\/div>\n\t<\/div>\n<\/div>\n\n\n\n\n\n<div style=\"height:50px\" aria-hidden=\"true\" class=\"wp-block-spacer\"><\/div>\n\n\n<div class=\"row\"><div class=\"col-12 col-xl-10 offset-xl-1 heading\">\n<h2 class=\"wp-block-heading\">A broad selection of products<\/h2>\n<\/div><\/div>\n\n<div class=\"row\"><div class=\"col-12 col-xl-10 offset-xl-1 paragraph\">\n<p>Find out more about our orthopaedic supply solutions: casting, lamination, chemicals, plastics, foam and padding, straps and buckles, etc.<\/p>\n<\/div><\/div>\n\n<div class=\"row image_slider_part bloc_part realisation_slider_part\">\n    <div class=\" col-10 offset-1\">\n                <div class=\"Xbtn-group slider_nav gallery_slider_nav \">\n            <button class=\"slick_nav slick_prev\"><i class=\"icon icon-arrow-left\"><\/i><\/button>\n            <button class=\"slick_nav slick_next\"><i class=\"icon icon-arrow-left\"><\/i><\/button>\n        <\/div>\n                <div class=\"gallery_slider pt-5 pt-md-0\">\n                            <div class=\"item bloc_custom  px-2\">\n                    <a href=\"https:\/\/www.janton-solutions.com\/wp-content\/uploads\/fournitures_02.jpg\" data-lightbox=\"image-1\" data-title=\"\">\n                        <img decoding=\"async\" src=\"https:\/\/www.janton-solutions.com\/wp-content\/uploads\/fournitures_02-450x450.jpg\" alt=\"\" class=\"img-fluid\">\n                    <\/a>\n                    <p class=\"h3 blue text-uppercase mt-4 text-center text-md-start\">Impression-taking<\/p>\n                    <p class=\"desc\">Everything you need to take an impression of your patient, for every technique.<\/p>\n                                    <\/div>\n                                <div class=\"item bloc_custom  px-2\">\n                    <a href=\"https:\/\/www.janton-solutions.com\/wp-content\/uploads\/fournitures_03.jpg\" data-lightbox=\"image-1\" data-title=\"\">\n                        <img decoding=\"async\" src=\"https:\/\/www.janton-solutions.com\/wp-content\/uploads\/fournitures_03-450x450.jpg\" alt=\"\" class=\"img-fluid\">\n                    <\/a>\n                    <p class=\"h3 blue text-uppercase mt-4 text-center text-md-start\">Lamination<\/p>\n                    <p class=\"desc\">A complete range of resins and high-tech textiles for all your laminating needs.<\/p>\n                                    <\/div>\n                                <div class=\"item bloc_custom  px-2\">\n                    <a href=\"https:\/\/www.janton-solutions.com\/wp-content\/uploads\/fournitures_04.jpg\" data-lightbox=\"image-1\" data-title=\"\">\n                        <img decoding=\"async\" src=\"https:\/\/www.janton-solutions.com\/wp-content\/uploads\/fournitures_04-450x450.jpg\" alt=\"\" class=\"img-fluid\">\n                    <\/a>\n                    <p class=\"h3 blue text-uppercase mt-4 text-center text-md-start\">Chemicals<\/p>\n                    <p class=\"desc\">Our selection of products for finishing, impression-taking and bonding, with formulations specially adapted to our sector of activity.<\/p>\n                                    <\/div>\n                                <div class=\"item bloc_custom  px-2\">\n                    <a href=\"https:\/\/www.janton-solutions.com\/wp-content\/uploads\/fournitures_05.jpg\" data-lightbox=\"image-1\" data-title=\"\">\n                        <img decoding=\"async\" src=\"https:\/\/www.janton-solutions.com\/wp-content\/uploads\/fournitures_05-450x450.jpg\" alt=\"\" class=\"img-fluid\">\n                    <\/a>\n                    <p class=\"h3 blue text-uppercase mt-4 text-center text-md-start\">Padding<\/p>\n                    <p class=\"desc\">All the specialist materials to ensure your patient&#8217;s comfort.<\/p>\n                                    <\/div>\n                                <div class=\"item bloc_custom  px-2\">\n                    <a href=\"https:\/\/www.janton-solutions.com\/wp-content\/uploads\/fournitures_06.jpg\" data-lightbox=\"image-1\" data-title=\"\">\n                        <img decoding=\"async\" src=\"https:\/\/www.janton-solutions.com\/wp-content\/uploads\/fournitures_06-450x450.jpg\" alt=\"\" class=\"img-fluid\">\n                    <\/a>\n                    <p class=\"h3 blue text-uppercase mt-4 text-center text-md-start\">Plastics<\/p>\n                    <p class=\"desc\">The JANTON range of thermoplastics has been carefully selected to give you the best results.<\/p>\n                                    <\/div>\n                                <div class=\"item bloc_custom  px-2\">\n                    <a href=\"https:\/\/www.janton-solutions.com\/wp-content\/uploads\/fournitures_07.jpg\" data-lightbox=\"image-1\" data-title=\"\">\n                        <img decoding=\"async\" src=\"https:\/\/www.janton-solutions.com\/wp-content\/uploads\/fournitures_07-450x450.jpg\" alt=\"\" class=\"img-fluid\">\n                    <\/a>\n                    <p class=\"h3 blue text-uppercase mt-4 text-center text-md-start\">Straps and buckles<\/p>\n                    <p class=\"desc\">Wide range of clamping and support solutions.<\/p>\n                                    <\/div>\n                                <div class=\"item bloc_custom  px-2\">\n                    <a href=\"https:\/\/www.janton-solutions.com\/wp-content\/uploads\/fournitures_08.jpg\" data-lightbox=\"image-1\" data-title=\"\">\n                        <img decoding=\"async\" src=\"https:\/\/www.janton-solutions.com\/wp-content\/uploads\/fournitures_08-450x450.jpg\" alt=\"\" class=\"img-fluid\">\n                    <\/a>\n                    <p class=\"h3 blue text-uppercase mt-4 text-center text-md-start\">Screw fasteners<\/p>\n                    <p class=\"desc\">A wide range of screws, nuts, rivets, washers, etc.<\/p>\n                                    <\/div>\n                                <div class=\"item bloc_custom  px-2\">\n                    <a href=\"https:\/\/www.janton-solutions.com\/wp-content\/uploads\/fournitures_09.jpg\" data-lightbox=\"image-1\" data-title=\"\">\n                        <img decoding=\"async\" src=\"https:\/\/www.janton-solutions.com\/wp-content\/uploads\/fournitures_09-450x450.jpg\" alt=\"\" class=\"img-fluid\">\n                    <\/a>\n                    <p class=\"h3 blue text-uppercase mt-4 text-center text-md-start\">Materials<\/p>\n                    <p class=\"desc\">All the raw materials you need to make your products: bars, tubes, rods, metal sheets, etc.<\/p>\n                                    <\/div>\n                        <\/div>\n    <\/div>\n<\/div>\n\n\n\n\n<div style=\"height:50px\" aria-hidden=\"true\" class=\"wp-block-spacer\"><\/div>\n","protected":false},"excerpt":{"rendered":"<p>Nous fabriquons les composants pour orth\u00e8ses et proth\u00e8ses ainsi que les fournitures n\u00e9cessaires \u00e0 la r\u00e9alisation de vos diff\u00e9rents appareils. Janton dispose d&#8217;un atelier de production industriel d\u00e9di\u00e9 aux composants orthop\u00e9diques et proth\u00e9tiques, ainsi que d&#8217;un atelier de m\u00e9cano-soudure sp\u00e9cialis\u00e9 dans l\u2019appareillage de r\u00e9habilitation. <\/p>\n","protected":false},"author":2,"featured_media":6600,"parent":0,"menu_order":0,"comment_status":"closed","ping_status":"closed","template":"","meta":{"_acf_changed":false,"footnotes":""},"class_list":["post-7895","page","type-page","status-publish","has-post-thumbnail","hentry"],"acf":[],"_links":{"self":[{"href":"https:\/\/www.janton-solutions.com\/en\/wp-json\/wp\/v2\/pages\/7895","targetHints":{"allow":["GET"]}}],"collection":[{"href":"https:\/\/www.janton-solutions.com\/en\/wp-json\/wp\/v2\/pages"}],"about":[{"href":"https:\/\/www.janton-solutions.com\/en\/wp-json\/wp\/v2\/types\/page"}],"author":[{"embeddable":true,"href":"https:\/\/www.janton-solutions.com\/en\/wp-json\/wp\/v2\/users\/2"}],"replies":[{"embeddable":true,"href":"https:\/\/www.janton-solutions.com\/en\/wp-json\/wp\/v2\/comments?post=7895"}],"version-history":[{"count":3,"href":"https:\/\/www.janton-solutions.com\/en\/wp-json\/wp\/v2\/pages\/7895\/revisions"}],"predecessor-version":[{"id":8948,"href":"https:\/\/www.janton-solutions.com\/en\/wp-json\/wp\/v2\/pages\/7895\/revisions\/8948"}],"wp:featuredmedia":[{"embeddable":true,"href":"https:\/\/www.janton-solutions.com\/en\/wp-json\/wp\/v2\/media\/6600"}],"wp:attachment":[{"href":"https:\/\/www.janton-solutions.com\/en\/wp-json\/wp\/v2\/media?parent=7895"}],"curies":[{"name":"wp","href":"https:\/\/api.w.org\/{rel}","templated":true}]}}