{"id":7819,"date":"2021-10-08T16:29:01","date_gmt":"2021-10-08T14:29:01","guid":{"rendered":"https:\/\/www.janton-solutions.com\/page-d-exemple\/"},"modified":"2024-08-09T11:50:26","modified_gmt":"2024-08-09T09:50:26","slug":"page-d-exemple","status":"publish","type":"page","link":"https:\/\/www.janton-solutions.com\/en\/","title":{"rendered":"Home"},"content":{"rendered":"\n<\/section>\n<div class=\"container-fluid header_part bg-blue\" style=\"background: url(https:\/\/www.janton-solutions.com\/wp-content\/uploads\/visuel-accueil-3.jpg) no-repeat center center \/ cover;\">\n    <span class=\"cover\"><\/span>\n\n    <div class=\"container\">\n        <span class=\"filigrane\"><\/span>\n        <div class=\"row\">\n            <div class=\"col-12 d-flex align-items-center\">\n                <div class=\"header_content\">\n                    <h1 class=\"h1 white\">Supplier of products and services for orthopaedics<\/h1>\n                                                <div class=\"row header_link\">\n                                <div class=\"col-12 text-end pt-5 mt-5 px-0\">\n                                                                            <a href=\"https:\/\/www.janton-solutions.com\/en\/rehabilitation\/\" class=\"mb-2 mx-0 me-1 me-xl-0 mx-xl-1 mx-xxl-2 btn btn-with-icon rehab\"><span>Rehabilitation<\/span><\/a>\n                                                                            <a href=\"https:\/\/www.janton-solutions.com\/en\/orthosis\/\" class=\"mb-2 mx-0 me-1 me-xl-0 mx-xl-1 mx-xxl-2 btn btn-with-icon orth\"><span>Orthosis<\/span><\/a>\n                                                                            <a href=\"https:\/\/www.janton-solutions.com\/en\/prosthesis\/\" class=\"mb-2 mx-0 me-1 me-xl-0 mx-xl-1 mx-xxl-2 btn btn-with-icon proth\"><span>Prosthesis<\/span><\/a>\n                                                                            <a href=\"https:\/\/www.janton-solutions.com\/en\/sports-leisure\/\" class=\"mb-2 mx-0 me-1 me-xl-0 mx-xl-1 mx-xxl-2 btn btn-with-icon sport\"><span>Sports &#038; leisure<\/span><\/a>\n                                                                            <a href=\"https:\/\/www.janton-solutions.com\/en\/supplies-equipments\/\" class=\"mb-2 mx-0 me-1 me-xl-0 mx-xl-1 mx-xxl-2 btn btn-with-icon access\"><span>Supplies  &#038; equipments<\/span><\/a>\n                                                                    <\/div>\n                            <\/div>\n                        \n\n\n                <\/div>\n\n            <\/div>\n        <\/div>\n    <\/div>\n<\/div>\n<section class=\"container\">\n\n\n\n<div style=\"height:30px\" aria-hidden=\"true\" class=\"wp-block-spacer\"><\/div>\n\n\n\n<div class=\"row services_part\">\n    <div class=\"col-12 px-5 px-lg-3 col-xxl-8 offset-xxl-2\">\n        <h2 class=\"h2 mb-3\">Janton services<\/h2>\n        <div class=\"description\">\n            <p>Janton is a manufacturer and distributor of mass-produced and made-to-measure orthopaedic equipment. By being attentive to the needs of orthoprosthetists and drawing on our expertise, Janton develops solutions that provide the best possible response to patients&#8217; needs.<\/p>\n        <\/div>\n    <\/div>\n    <div class=\"col-12 col-xxl-10 offset-xxl-1 pt-5\">\n        <div class=\"row\">\n                            <div class=\"col-12 col-md-4 bloc mb-3\">\n                    <a href=\"https:\/\/www.janton-solutions.com\/production-op\/\" class=\"service_bloc\">\n                        <span class=\"cover\"><\/span>\n                        <span class=\"bg\" style=\"background: url(https:\/\/www.janton-solutions.com\/wp-content\/uploads\/production-o-p.jpg) no-repeat center \/ cover;\"><\/span>\n                        <img decoding=\"async\" class=\"img-fluid\" src=\"https:\/\/www.janton-solutions.com\/wp-content\/uploads\/production-o-p.jpg\" alt=\"O&amp;P Production\">\n                        <div class=\"bloc_content d-flex align-items-center px-3  px-xl-5 \">\n                            <div>\n                                <h2 class=\"h3 white text-center\">\n                                    O&amp;P Production                                <\/h2>\n                                <div class=\"more_content\">\n                                    <p class=\"resum white\">We manufacture components for orthoses and prostheses, and supply the materials needed to make your various apparatus. Janton has a dedicated industrial production workshop for orthopaedic and prosthesis components, as well as a mechanised welding workshop specialising in rehabilitation equipment. <\/p>\n                                     <p class=\"more white\">D\u00e9couvrir<\/p>\n                                <\/div>\n                            <\/div>\n                        <\/div>\n                    <\/a>\n                    <p class=\"mt-0 d-block d-md-none service_bloc_sm_link\">\n                        <a href=\"https:\/\/www.janton-solutions.com\/production-op\/\" class=\"red\"><strong>D\u00e9couvrir<\/strong><\/a>\n                    <\/p>\n                <\/div>\n                            <div class=\"col-12 col-md-4 bloc mb-3\">\n                    <a href=\"https:\/\/www.janton-solutions.com\/janton-composite\/\" class=\"service_bloc\">\n                        <span class=\"cover\"><\/span>\n                        <span class=\"bg\" style=\"background: url(https:\/\/www.janton-solutions.com\/wp-content\/uploads\/janton-composite.jpg) no-repeat center \/ cover;\"><\/span>\n                        <img decoding=\"async\" class=\"img-fluid\" src=\"https:\/\/www.janton-solutions.com\/wp-content\/uploads\/janton-composite.jpg\" alt=\"Janton Composite\">\n                        <div class=\"bloc_content d-flex align-items-center px-3  px-xl-5 \">\n                            <div>\n                                <h2 class=\"h3 white text-center\">\n                                    Janton Composite                                <\/h2>\n                                <div class=\"more_content\">\n                                    <p class=\"resum white\">We have extensive expertise in the various composite manufacturing processes, serving a wide range of business sectors: orthopaedic equipment, industrial equipment, nautical, sports and leisure equipment, design, music, etc.<\/p>\n                                     <p class=\"more white\">D\u00e9couvrir<\/p>\n                                <\/div>\n                            <\/div>\n                        <\/div>\n                    <\/a>\n                    <p class=\"mt-0 d-block d-md-none service_bloc_sm_link\">\n                        <a href=\"https:\/\/www.janton-solutions.com\/janton-composite\/\" class=\"red\"><strong>D\u00e9couvrir<\/strong><\/a>\n                    <\/p>\n                <\/div>\n                            <div class=\"col-12 col-md-4 bloc mb-3\">\n                    <a href=\"https:\/\/www.janton-solutions.com\/c-fab\/\" class=\"service_bloc\">\n                        <span class=\"cover\"><\/span>\n                        <span class=\"bg\" style=\"background: url(https:\/\/www.janton-solutions.com\/wp-content\/uploads\/c-fab.jpg) no-repeat center \/ cover;\"><\/span>\n                        <img decoding=\"async\" class=\"img-fluid\" src=\"https:\/\/www.janton-solutions.com\/wp-content\/uploads\/c-fab.jpg\" alt=\"C-Fab\">\n                        <div class=\"bloc_content d-flex align-items-center px-3  px-xl-5 \">\n                            <div>\n                                <h2 class=\"h3 white text-center\">\n                                    C-Fab                                <\/h2>\n                                <div class=\"more_content\">\n                                    <p class=\"resum white\">We leverage our state-of-the-art in-house workshop to produce your orthopaedic equipment, both one-off products and made-to-measure. Our centralised manufacturing department comprises a team specialising in CAD\/CAM, thermoforming, moulding, padding, etc. To meet your requirements, we can supply products with any level of finish.<\/p>\n                                     <p class=\"more white\">D\u00e9couvrir<\/p>\n                                <\/div>\n                            <\/div>\n                        <\/div>\n                    <\/a>\n                    <p class=\"mt-0 d-block d-md-none service_bloc_sm_link\">\n                        <a href=\"https:\/\/www.janton-solutions.com\/c-fab\/\" class=\"red\"><strong>D\u00e9couvrir<\/strong><\/a>\n                    <\/p>\n                <\/div>\n                    <\/div>\n    <\/div>\n<\/div>\n\n\n\n<div style=\"height:30px\" aria-hidden=\"true\" class=\"wp-block-spacer\"><\/div>\n\n\n\n<div id=\"block-hero-block_4c01c36816a4ae1e7226f881b69efc9c\" class=\"leftright_media_part row medialeft block-hero\">\n\t<div class=\"col-12 col-md-6 order-1 col-lg-7 px-5 d-flex align-items-center\">\n\t\t<div class=\"filigrane_part\"><span class=\"cover\"><\/span><img decoding=\"async\" src=\"https:\/\/www.janton-solutions.com\/wp-content\/uploads\/filigrane.png\" alt=\"\" class=\"img-fluid filigrane\"><img decoding=\"async\" src=\"https:\/\/www.janton-solutions.com\/wp-content\/uploads\/janton-notre-histoire-percage-1-710x500.jpg\" alt=\"\" class=\"img-fluid\"><\/div>\t<\/div>\n\t<div class=\"col-12 col-md-6 order-2 col-lg-5 d-flex align-items-center px-0 py-2 p-xl-5\">\n        <div class=\"px-5 p-md-2 p-xl-5\">\n\t\t<h2>Manufacturer and distributor of orthopaedic products<\/h2>\n<p>JANTON manufactures and distributes mass-produced and made-to-measure orthopaedic products for orthoprosthetists all over the world.<\/p>\n\t\t\t\t\t<a class=\"btn btn-default\" href=\"https:\/\/www.janton-solutions.com\/en\/about-us\/\" target=\"\">\n\t\t\t\tLearn more\t\t\t<\/a>\n\t\t        <\/div>\n\t<\/div>\n<\/div>\n\n\n\n\n\n<div style=\"height:30px\" aria-hidden=\"true\" class=\"wp-block-spacer\"><\/div>\n\n\n<\/section>\n<div class=\"container-fluid news_part\">\n    <div class=\"row\">\n        <div class=\"col-12 col-xl-3 offset-xl-1 news_intro d-flex align-items-center px-5\">\n            <div>\n                <h2 class=\"h2 mb-3\">News<\/h2>\n                <div class=\"description\">\n                    <p>New products, newsletters, trade fairs &#8211; keep up to date with all the latest news from the JANTON group.<\/p>\n                <\/div>\n                <p>\n                    <a href=\"https:\/\/www.janton-solutions.com\/en\/actualite\/\" class=\"btn btn-default\">Toute l&#8217;actualit\u00e9<\/a>\n                <\/p>\n                <div class=\"btn-group slider_nav news_slider_nav mt-5\">\n                    <button class=\"slick_nav slick_prev\"><i class=\"icon icon-arrow-left\"><\/i><\/button>\n                    <button class=\"slick_nav slick_next\"><i class=\"icon icon-arrow-left\"><\/i><\/button>\n                <\/div>\n            <\/div>\n        <\/div>\n        <div class=\"col-12 col-xl-8\">\n            <div class=\"news_slider\">\n                                    <div class=\"item\">\n                        <a href=\"https:\/\/www.janton-solutions.com\/en\/actualite\/janton-au-salon-rehacare-2024-a-dusseldorf-2\/\" class=\"news_bloc p-3\">\n                            <img decoding=\"async\" class=\"img-fluid\" src=\"https:\/\/www.janton-solutions.com\/wp-content\/uploads\/07avril25_EIM-2025.jpg\" alt=\"Janton au salon Excellence In Motion 2025 : trois jours d\u2019innovation au c\u0153ur de Cannes\">\n                            <div class=\"news_content py-4\">\n                                <div>\n                                    <p class=\"date\">07\/04\/2025<\/p>\n                                    <h3 class=\"h4 blue\">\n                                        Janton au salon Excellence In Motion 2025 : trois jours d\u2019innovation au c\u0153ur de Cannes                                    <\/h3>\n                                    <p class=\"resum blue\">Du 14 au 16 avril 2025, Janton participera \u00e0 la seconde \u00e9dition du congr\u00e8s international Excellence In Motion, organis\u00e9 par Eqwal. L\u2019\u00e9v\u00e9nement se d\u00e9roulera [&hellip;]<\/p>\n                                    <p class=\"btn-link btn blue\">Lire la suite<\/p>\n                                <\/div>\n                            <\/div>\n                        <\/a>\n                    <\/div>\n                                <\/div>\n        <\/div>\n    <\/div>\n<\/div>\n\n\n<section class=\"container\">\n\n\n<div style=\"height:30px\" aria-hidden=\"true\" class=\"wp-block-spacer\"><\/div>\n\n\n\n<div id=\"block-hero-block_88c3aa32a60f05674b2d631a3c8877cd\" class=\"leftright_media_part row medialeft block-hero\">\n\t<div class=\"col-12 col-md-6 order-1 col-lg-7 px-5 d-flex align-items-center\">\n\t\t<img decoding=\"async\" src=\"https:\/\/www.janton-solutions.com\/wp-content\/uploads\/recrutement_01-710x500.jpeg\" alt=\"\" class=\"img-fluid\">\t<\/div>\n\t<div class=\"col-12 col-md-6 order-2 col-lg-5 d-flex align-items-center px-0 py-2 p-xl-5\">\n        <div class=\"px-5 p-md-2 p-xl-5\">\n\t\t<h2>Come and join us<\/h2>\n<p>If you embrace our values of approachability, empathy and ingenuity, then come and join our team, renowned the world over for its orthopaedic expertise. Help improve the quality of life of our users with innovative solutions.<\/p>\n\t\t\t\t\t<a class=\"btn btn-default\" href=\"https:\/\/www.janton-solutions.com\/en\/recrutement\/\" target=\"\">\n\t\t\t\tSee all offers\t\t\t<\/a>\n\t\t        <\/div>\n\t<\/div>\n<\/div>\n\n\n\n\n\n<div style=\"height:50px\" aria-hidden=\"true\" class=\"wp-block-spacer\"><\/div>\n","protected":false},"excerpt":{"rendered":"","protected":false},"author":2,"featured_media":0,"parent":0,"menu_order":0,"comment_status":"closed","ping_status":"closed","template":"front-page.php","meta":{"_acf_changed":false,"footnotes":""},"class_list":["post-7819","page","type-page","status-publish","hentry"],"acf":[],"_links":{"self":[{"href":"https:\/\/www.janton-solutions.com\/en\/wp-json\/wp\/v2\/pages\/7819","targetHints":{"allow":["GET"]}}],"collection":[{"href":"https:\/\/www.janton-solutions.com\/en\/wp-json\/wp\/v2\/pages"}],"about":[{"href":"https:\/\/www.janton-solutions.com\/en\/wp-json\/wp\/v2\/types\/page"}],"author":[{"embeddable":true,"href":"https:\/\/www.janton-solutions.com\/en\/wp-json\/wp\/v2\/users\/2"}],"replies":[{"embeddable":true,"href":"https:\/\/www.janton-solutions.com\/en\/wp-json\/wp\/v2\/comments?post=7819"}],"version-history":[{"count":9,"href":"https:\/\/www.janton-solutions.com\/en\/wp-json\/wp\/v2\/pages\/7819\/revisions"}],"predecessor-version":[{"id":7952,"href":"https:\/\/www.janton-solutions.com\/en\/wp-json\/wp\/v2\/pages\/7819\/revisions\/7952"}],"wp:attachment":[{"href":"https:\/\/www.janton-solutions.com\/en\/wp-json\/wp\/v2\/media?parent=7819"}],"curies":[{"name":"wp","href":"https:\/\/api.w.org\/{rel}","templated":true}]}}